{"id":112,"date":"2025-11-08T11:19:08","date_gmt":"2025-11-08T10:19:08","guid":{"rendered":"https:\/\/bestofsevilletour.exitomarketingdigital.com\/?page_id=112"},"modified":"2025-11-30T10:51:57","modified_gmt":"2025-11-30T09:51:57","slug":"galeria","status":"publish","type":"page","link":"https:\/\/bestofsevillatours.com\/en\/galeria\/","title":{"rendered":"Gallery"},"content":{"rendered":"","protected":false},"excerpt":{"rendered":"","protected":false},"author":1,"featured_media":0,"parent":0,"menu_order":0,"comment_status":"closed","ping_status":"closed","template":"page-templates\/gallery-page.php","meta":{"footnotes":""},"class_list":["post-112","page","type-page","status-publish","hentry"],"yoast_head":"<!-- This site is optimized with the Yoast SEO plugin v27.4 - https:\/\/yoast.com\/product\/yoast-seo-wordpress\/ -->\n<title>Galer\u00eda de Fotos \u2013 Best of Sevilla Tours | Sevilla en im\u00e1genes<\/title>\n<meta name=\"description\" content=\"Explora nuestra galer\u00eda de fotos de Best of Sevilla Tours y descubre Sevilla a trav\u00e9s de im\u00e1genes reales: monumentos, calles, tours y momentos \u00fanicos\" \/>\n<meta name=\"robots\" content=\"index, follow, max-snippet:-1, max-image-preview:large, max-video-preview:-1\" \/>\n<link rel=\"canonical\" href=\"https:\/\/bestofsevillatours.com\/en\/galeria\/\" \/>\n<meta property=\"og:locale\" content=\"en_US\" \/>\n<meta property=\"og:type\" content=\"article\" \/>\n<meta property=\"og:title\" content=\"Galer\u00eda de Fotos \u2013 Best of Sevilla Tours | Sevilla en im\u00e1genes\" \/>\n<meta property=\"og:description\" content=\"Explora nuestra galer\u00eda de fotos de Best of Sevilla Tours y descubre Sevilla a trav\u00e9s de im\u00e1genes reales: monumentos, calles, tours y momentos \u00fanicos\" \/>\n<meta property=\"og:url\" content=\"https:\/\/bestofsevillatours.com\/en\/galeria\/\" \/>\n<meta property=\"og:site_name\" content=\"Best of Sevilla Tour\" \/>\n<meta property=\"article:modified_time\" content=\"2025-11-30T09:51:57+00:00\" \/>\n<meta name=\"twitter:card\" content=\"summary_large_image\" \/>\n<script type=\"application\/ld+json\" class=\"yoast-schema-graph\">{\"@context\":\"https:\\\/\\\/schema.org\",\"@graph\":[{\"@type\":\"WebPage\",\"@id\":\"https:\\\/\\\/bestofsevillatours.com\\\/galeria\\\/\",\"url\":\"https:\\\/\\\/bestofsevillatours.com\\\/galeria\\\/\",\"name\":\"Galer\u00eda de Fotos \u2013 Best of Sevilla Tours | Sevilla en im\u00e1genes\",\"isPartOf\":{\"@id\":\"https:\\\/\\\/bestofsevillatours.com\\\/#website\"},\"datePublished\":\"2025-11-08T10:19:08+00:00\",\"dateModified\":\"2025-11-30T09:51:57+00:00\",\"description\":\"Explora nuestra galer\u00eda de fotos de Best of Sevilla Tours y descubre Sevilla a trav\u00e9s de im\u00e1genes reales: monumentos, calles, tours y momentos \u00fanicos\",\"breadcrumb\":{\"@id\":\"https:\\\/\\\/bestofsevillatours.com\\\/galeria\\\/#breadcrumb\"},\"inLanguage\":\"en-US\",\"potentialAction\":[{\"@type\":\"ReadAction\",\"target\":[\"https:\\\/\\\/bestofsevillatours.com\\\/galeria\\\/\"]}]},{\"@type\":\"BreadcrumbList\",\"@id\":\"https:\\\/\\\/bestofsevillatours.com\\\/galeria\\\/#breadcrumb\",\"itemListElement\":[{\"@type\":\"ListItem\",\"position\":1,\"name\":\"Portada\",\"item\":\"https:\\\/\\\/bestofsevillatours.com\\\/\"},{\"@type\":\"ListItem\",\"position\":2,\"name\":\"Galer\u00eda\"}]},{\"@type\":\"WebSite\",\"@id\":\"https:\\\/\\\/bestofsevillatours.com\\\/#website\",\"url\":\"https:\\\/\\\/bestofsevillatours.com\\\/\",\"name\":\"Best of Sevilla Tour\",\"description\":\"\",\"potentialAction\":[{\"@type\":\"SearchAction\",\"target\":{\"@type\":\"EntryPoint\",\"urlTemplate\":\"https:\\\/\\\/bestofsevillatours.com\\\/?s={search_term_string}\"},\"query-input\":{\"@type\":\"PropertyValueSpecification\",\"valueRequired\":true,\"valueName\":\"search_term_string\"}}],\"inLanguage\":\"en-US\"}]}<\/script>\n<!-- \/ Yoast SEO plugin. -->","yoast_head_json":{"title":"Galer\u00eda de Fotos \u2013 Best of Sevilla Tours | Sevilla en im\u00e1genes","description":"Explora nuestra galer\u00eda de fotos de Best of Sevilla Tours y descubre Sevilla a trav\u00e9s de im\u00e1genes reales: monumentos, calles, tours y momentos \u00fanicos","robots":{"index":"index","follow":"follow","max-snippet":"max-snippet:-1","max-image-preview":"max-image-preview:large","max-video-preview":"max-video-preview:-1"},"canonical":"https:\/\/bestofsevillatours.com\/en\/galeria\/","og_locale":"en_US","og_type":"article","og_title":"Galer\u00eda de Fotos \u2013 Best of Sevilla Tours | Sevilla en im\u00e1genes","og_description":"Explora nuestra galer\u00eda de fotos de Best of Sevilla Tours y descubre Sevilla a trav\u00e9s de im\u00e1genes reales: monumentos, calles, tours y momentos \u00fanicos","og_url":"https:\/\/bestofsevillatours.com\/en\/galeria\/","og_site_name":"Best of Sevilla Tour","article_modified_time":"2025-11-30T09:51:57+00:00","twitter_card":"summary_large_image","schema":{"@context":"https:\/\/schema.org","@graph":[{"@type":"WebPage","@id":"https:\/\/bestofsevillatours.com\/galeria\/","url":"https:\/\/bestofsevillatours.com\/galeria\/","name":"Galer\u00eda de Fotos \u2013 Best of Sevilla Tours | Sevilla en im\u00e1genes","isPartOf":{"@id":"https:\/\/bestofsevillatours.com\/#website"},"datePublished":"2025-11-08T10:19:08+00:00","dateModified":"2025-11-30T09:51:57+00:00","description":"Explora nuestra galer\u00eda de fotos de Best of Sevilla Tours y descubre Sevilla a trav\u00e9s de im\u00e1genes reales: monumentos, calles, tours y momentos \u00fanicos","breadcrumb":{"@id":"https:\/\/bestofsevillatours.com\/galeria\/#breadcrumb"},"inLanguage":"en-US","potentialAction":[{"@type":"ReadAction","target":["https:\/\/bestofsevillatours.com\/galeria\/"]}]},{"@type":"BreadcrumbList","@id":"https:\/\/bestofsevillatours.com\/galeria\/#breadcrumb","itemListElement":[{"@type":"ListItem","position":1,"name":"Portada","item":"https:\/\/bestofsevillatours.com\/"},{"@type":"ListItem","position":2,"name":"Galer\u00eda"}]},{"@type":"WebSite","@id":"https:\/\/bestofsevillatours.com\/#website","url":"https:\/\/bestofsevillatours.com\/","name":"Best of Sevilla Tour","description":"","potentialAction":[{"@type":"SearchAction","target":{"@type":"EntryPoint","urlTemplate":"https:\/\/bestofsevillatours.com\/?s={search_term_string}"},"query-input":{"@type":"PropertyValueSpecification","valueRequired":true,"valueName":"search_term_string"}}],"inLanguage":"en-US"}]}},"_links":{"self":[{"href":"https:\/\/bestofsevillatours.com\/en\/wp-json\/wp\/v2\/pages\/112","targetHints":{"allow":["GET"]}}],"collection":[{"href":"https:\/\/bestofsevillatours.com\/en\/wp-json\/wp\/v2\/pages"}],"about":[{"href":"https:\/\/bestofsevillatours.com\/en\/wp-json\/wp\/v2\/types\/page"}],"author":[{"embeddable":true,"href":"https:\/\/bestofsevillatours.com\/en\/wp-json\/wp\/v2\/users\/1"}],"replies":[{"embeddable":true,"href":"https:\/\/bestofsevillatours.com\/en\/wp-json\/wp\/v2\/comments?post=112"}],"version-history":[{"count":3,"href":"https:\/\/bestofsevillatours.com\/en\/wp-json\/wp\/v2\/pages\/112\/revisions"}],"predecessor-version":[{"id":115,"href":"https:\/\/bestofsevillatours.com\/en\/wp-json\/wp\/v2\/pages\/112\/revisions\/115"}],"wp:attachment":[{"href":"https:\/\/bestofsevillatours.com\/en\/wp-json\/wp\/v2\/media?parent=112"}],"curies":[{"name":"wp","href":"https:\/\/api.w.org\/{rel}","templated":true}]}}