{"id":89,"date":"2025-11-07T15:09:12","date_gmt":"2025-11-07T14:09:12","guid":{"rendered":"https:\/\/bestofsevilletour.exitomarketingdigital.com\/?page_id=89"},"modified":"2025-11-30T11:01:06","modified_gmt":"2025-11-30T10:01:06","slug":"tour-triana","status":"publish","type":"page","link":"https:\/\/bestofsevillatours.com\/en\/tour-triana\/","title":{"rendered":"Tour Triana"},"content":{"rendered":"","protected":false},"excerpt":{"rendered":"","protected":false},"author":1,"featured_media":0,"parent":0,"menu_order":0,"comment_status":"closed","ping_status":"closed","template":"page-templates\/tour-triana-page.php","meta":{"footnotes":""},"class_list":["post-89","page","type-page","status-publish","hentry"],"yoast_head":"<!-- This site is optimized with the Yoast SEO plugin v27.4 - https:\/\/yoast.com\/product\/yoast-seo-wordpress\/ -->\n<title>Free Tour Triana | Recorrido por el barrio hist\u00f3rico de Sevilla \u2013 Best of Sevilla Tours<\/title>\n<meta name=\"description\" content=\"Descubre el aut\u00e9ntico sabor de Sevilla con nuestro Free Tour por Triana. Paseo guiado por calles hist\u00f3ricas, Puente de Triana, cer\u00e1mica, cultura flamenca y rincones con alma local. Reserva gratis y vive Sevilla como un local.\" \/>\n<meta name=\"robots\" content=\"index, follow, max-snippet:-1, max-image-preview:large, max-video-preview:-1\" \/>\n<link rel=\"canonical\" href=\"https:\/\/bestofsevillatours.com\/en\/tour-triana\/\" \/>\n<meta property=\"og:locale\" content=\"en_US\" \/>\n<meta property=\"og:type\" content=\"article\" \/>\n<meta property=\"og:title\" content=\"Free Tour Triana | Recorrido por el barrio hist\u00f3rico de Sevilla \u2013 Best of Sevilla Tours\" \/>\n<meta property=\"og:description\" content=\"Descubre el aut\u00e9ntico sabor de Sevilla con nuestro Free Tour por Triana. Paseo guiado por calles hist\u00f3ricas, Puente de Triana, cer\u00e1mica, cultura flamenca y rincones con alma local. Reserva gratis y vive Sevilla como un local.\" \/>\n<meta property=\"og:url\" content=\"https:\/\/bestofsevillatours.com\/en\/tour-triana\/\" \/>\n<meta property=\"og:site_name\" content=\"Best of Sevilla Tour\" \/>\n<meta property=\"article:modified_time\" content=\"2025-11-30T10:01:06+00:00\" \/>\n<meta name=\"twitter:card\" content=\"summary_large_image\" \/>\n<script type=\"application\/ld+json\" class=\"yoast-schema-graph\">{\"@context\":\"https:\\\/\\\/schema.org\",\"@graph\":[{\"@type\":\"WebPage\",\"@id\":\"https:\\\/\\\/bestofsevillatours.com\\\/tour-triana\\\/\",\"url\":\"https:\\\/\\\/bestofsevillatours.com\\\/tour-triana\\\/\",\"name\":\"Free Tour Triana | Recorrido por el barrio hist\u00f3rico de Sevilla \u2013 Best of Sevilla Tours\",\"isPartOf\":{\"@id\":\"https:\\\/\\\/bestofsevillatours.com\\\/#website\"},\"datePublished\":\"2025-11-07T14:09:12+00:00\",\"dateModified\":\"2025-11-30T10:01:06+00:00\",\"description\":\"Descubre el aut\u00e9ntico sabor de Sevilla con nuestro Free Tour por Triana. Paseo guiado por calles hist\u00f3ricas, Puente de Triana, cer\u00e1mica, cultura flamenca y rincones con alma local. Reserva gratis y vive Sevilla como un local.\",\"breadcrumb\":{\"@id\":\"https:\\\/\\\/bestofsevillatours.com\\\/tour-triana\\\/#breadcrumb\"},\"inLanguage\":\"en-US\",\"potentialAction\":[{\"@type\":\"ReadAction\",\"target\":[\"https:\\\/\\\/bestofsevillatours.com\\\/tour-triana\\\/\"]}]},{\"@type\":\"BreadcrumbList\",\"@id\":\"https:\\\/\\\/bestofsevillatours.com\\\/tour-triana\\\/#breadcrumb\",\"itemListElement\":[{\"@type\":\"ListItem\",\"position\":1,\"name\":\"Portada\",\"item\":\"https:\\\/\\\/bestofsevillatours.com\\\/\"},{\"@type\":\"ListItem\",\"position\":2,\"name\":\"Tour Triana\"}]},{\"@type\":\"WebSite\",\"@id\":\"https:\\\/\\\/bestofsevillatours.com\\\/#website\",\"url\":\"https:\\\/\\\/bestofsevillatours.com\\\/\",\"name\":\"Best of Sevilla Tour\",\"description\":\"\",\"potentialAction\":[{\"@type\":\"SearchAction\",\"target\":{\"@type\":\"EntryPoint\",\"urlTemplate\":\"https:\\\/\\\/bestofsevillatours.com\\\/?s={search_term_string}\"},\"query-input\":{\"@type\":\"PropertyValueSpecification\",\"valueRequired\":true,\"valueName\":\"search_term_string\"}}],\"inLanguage\":\"en-US\"}]}<\/script>\n<!-- \/ Yoast SEO plugin. -->","yoast_head_json":{"title":"Free Tour Triana | Recorrido por el barrio hist\u00f3rico de Sevilla \u2013 Best of Sevilla Tours","description":"Descubre el aut\u00e9ntico sabor de Sevilla con nuestro Free Tour por Triana. Paseo guiado por calles hist\u00f3ricas, Puente de Triana, cer\u00e1mica, cultura flamenca y rincones con alma local. Reserva gratis y vive Sevilla como un local.","robots":{"index":"index","follow":"follow","max-snippet":"max-snippet:-1","max-image-preview":"max-image-preview:large","max-video-preview":"max-video-preview:-1"},"canonical":"https:\/\/bestofsevillatours.com\/en\/tour-triana\/","og_locale":"en_US","og_type":"article","og_title":"Free Tour Triana | Recorrido por el barrio hist\u00f3rico de Sevilla \u2013 Best of Sevilla Tours","og_description":"Descubre el aut\u00e9ntico sabor de Sevilla con nuestro Free Tour por Triana. Paseo guiado por calles hist\u00f3ricas, Puente de Triana, cer\u00e1mica, cultura flamenca y rincones con alma local. Reserva gratis y vive Sevilla como un local.","og_url":"https:\/\/bestofsevillatours.com\/en\/tour-triana\/","og_site_name":"Best of Sevilla Tour","article_modified_time":"2025-11-30T10:01:06+00:00","twitter_card":"summary_large_image","schema":{"@context":"https:\/\/schema.org","@graph":[{"@type":"WebPage","@id":"https:\/\/bestofsevillatours.com\/tour-triana\/","url":"https:\/\/bestofsevillatours.com\/tour-triana\/","name":"Free Tour Triana | Recorrido por el barrio hist\u00f3rico de Sevilla \u2013 Best of Sevilla Tours","isPartOf":{"@id":"https:\/\/bestofsevillatours.com\/#website"},"datePublished":"2025-11-07T14:09:12+00:00","dateModified":"2025-11-30T10:01:06+00:00","description":"Descubre el aut\u00e9ntico sabor de Sevilla con nuestro Free Tour por Triana. Paseo guiado por calles hist\u00f3ricas, Puente de Triana, cer\u00e1mica, cultura flamenca y rincones con alma local. Reserva gratis y vive Sevilla como un local.","breadcrumb":{"@id":"https:\/\/bestofsevillatours.com\/tour-triana\/#breadcrumb"},"inLanguage":"en-US","potentialAction":[{"@type":"ReadAction","target":["https:\/\/bestofsevillatours.com\/tour-triana\/"]}]},{"@type":"BreadcrumbList","@id":"https:\/\/bestofsevillatours.com\/tour-triana\/#breadcrumb","itemListElement":[{"@type":"ListItem","position":1,"name":"Portada","item":"https:\/\/bestofsevillatours.com\/"},{"@type":"ListItem","position":2,"name":"Tour Triana"}]},{"@type":"WebSite","@id":"https:\/\/bestofsevillatours.com\/#website","url":"https:\/\/bestofsevillatours.com\/","name":"Best of Sevilla Tour","description":"","potentialAction":[{"@type":"SearchAction","target":{"@type":"EntryPoint","urlTemplate":"https:\/\/bestofsevillatours.com\/?s={search_term_string}"},"query-input":{"@type":"PropertyValueSpecification","valueRequired":true,"valueName":"search_term_string"}}],"inLanguage":"en-US"}]}},"_links":{"self":[{"href":"https:\/\/bestofsevillatours.com\/en\/wp-json\/wp\/v2\/pages\/89","targetHints":{"allow":["GET"]}}],"collection":[{"href":"https:\/\/bestofsevillatours.com\/en\/wp-json\/wp\/v2\/pages"}],"about":[{"href":"https:\/\/bestofsevillatours.com\/en\/wp-json\/wp\/v2\/types\/page"}],"author":[{"embeddable":true,"href":"https:\/\/bestofsevillatours.com\/en\/wp-json\/wp\/v2\/users\/1"}],"replies":[{"embeddable":true,"href":"https:\/\/bestofsevillatours.com\/en\/wp-json\/wp\/v2\/comments?post=89"}],"version-history":[{"count":3,"href":"https:\/\/bestofsevillatours.com\/en\/wp-json\/wp\/v2\/pages\/89\/revisions"}],"predecessor-version":[{"id":92,"href":"https:\/\/bestofsevillatours.com\/en\/wp-json\/wp\/v2\/pages\/89\/revisions\/92"}],"wp:attachment":[{"href":"https:\/\/bestofsevillatours.com\/en\/wp-json\/wp\/v2\/media?parent=89"}],"curies":[{"name":"wp","href":"https:\/\/api.w.org\/{rel}","templated":true}]}}